{"id":70,"date":"2020-06-20T17:10:11","date_gmt":"2020-06-20T15:10:11","guid":{"rendered":"http:\/\/flyfishing-stats.com.pl\/?page_id=70"},"modified":"2023-10-12T12:52:41","modified_gmt":"2023-10-12T10:52:41","slug":"o-mnie","status":"publish","type":"page","link":"https:\/\/flyfishing-stats.pl\/index.php\/o-mnie\/","title":{"rendered":"O mnie"},"content":{"rendered":"\n<p>Jestem pasjonatem w\u0119dkarstwa muchowego od 1981 roku. Wtedy z\u0142owi\u0142em swojego pierwszego lipienia na such\u0105 much\u0119 w rzece San. Do dzi\u015b sucha mucha pozostaje moj\u0105 ulubion\u0105 metod\u0105 po\u0142owu, a przygotowuj\u0105c sprz\u0119t w\u0119dkarski do amatorskiego po\u0142owu <br>lub na zawody, w\u0119dka do suchej muchy jest zwykle pierwsz\u0105, kt\u00f3r\u0105 uzbrajam. <br>W trakcie ponad 40 lat w\u0119dkowania na much\u0119 pozna\u0142em wiele r\u00f3\u017cnorodnych \u0142owisk,<br>ale rzeka San najmocniej porusza moje w\u0119dkarskie serce, tak\u017ce z tego powodu, \u017ce jest szczeg\u00f3lnie atrakcyjna do \u0142owienia na such\u0105 much\u0119. Od 1998 roku systematycznie uczestnicz\u0119 w r\u00f3\u017cnorodnych zawodach muchowych na poziomie okr\u0119gowym <br>i og\u00f3lnopolskim. Opr\u00f3cz sportowego \u0142owienia ryb na much\u0119, zbieram wyniki zawod\u00f3w, opracowuj\u0119 analizy i zestawienia dotycz\u0105ce przebiegu i historii imprez sportowych rozgrywanych w Polsce oraz na poziomie mi\u0119dzynarodowym. Poprzez t\u0119 stron\u0119 chc\u0119 podzieli\u0107 si\u0119 moimi opracowaniami. Mam nadziej\u0119, \u017ce przedstawiane przeze mnie materia\u0142y pozwol\u0105 wr\u00f3ci\u0107 pami\u0119ci\u0105 do ciekawych wydarze\u0144 z zawod\u00f3w muchowych i\u00a0 przedstawi\u0107 dokonania ludzi, kt\u00f3rzy tworzyli histori\u0119 i nadal przyczyniaj\u0105 si\u0119 do rozwoju sportu muchowego w Polsce i na \u015bwiecie. Zwracam si\u0119 jednocze\u015bnie o pomoc w uzupe\u0142nieniu brakuj\u0105cych danych. Prosz\u0119 o kontakt mailowy: wojciechtelesz@gmail.com<\/p>\n\n\n\n<p>\u017bycz\u0119 przyjemnej i po\u017cytecznej lektury.<\/p>\n\n\n\n<p>Z w\u0119dkarskim pozdrowieniem, Wojciech Telesz.<\/p>\n<!-- WP Attachments -->\r\n        <div style=\"width:100%;margin:10px 0 10px 0;\">\r\n            <h3>Za\u0142\u0105czniki<\/h3>\r\n        <ul class=\"post-attachments\"><\/ul><\/div>","protected":false},"excerpt":{"rendered":"<p>Jestem pasjonatem w\u0119dkarstwa muchowego od 1981 roku. Wtedy z\u0142owi\u0142em swojego pierwszego lipienia na such\u0105 much\u0119 w rzece San. Do dzi\u015b sucha mucha pozostaje moj\u0105 ulubion\u0105&hellip;<\/p>\n","protected":false},"author":41798,"featured_media":93,"parent":0,"menu_order":0,"comment_status":"closed","ping_status":"closed","template":"","meta":{"footnotes":""},"class_list":["post-70","page","type-page","status-publish","has-post-thumbnail","hentry","has-post-thumbnail-archive"],"_links":{"self":[{"href":"https:\/\/flyfishing-stats.pl\/index.php\/wp-json\/wp\/v2\/pages\/70","targetHints":{"allow":["GET"]}}],"collection":[{"href":"https:\/\/flyfishing-stats.pl\/index.php\/wp-json\/wp\/v2\/pages"}],"about":[{"href":"https:\/\/flyfishing-stats.pl\/index.php\/wp-json\/wp\/v2\/types\/page"}],"author":[{"embeddable":true,"href":"https:\/\/flyfishing-stats.pl\/index.php\/wp-json\/wp\/v2\/users\/41798"}],"replies":[{"embeddable":true,"href":"https:\/\/flyfishing-stats.pl\/index.php\/wp-json\/wp\/v2\/comments?post=70"}],"version-history":[{"count":9,"href":"https:\/\/flyfishing-stats.pl\/index.php\/wp-json\/wp\/v2\/pages\/70\/revisions"}],"predecessor-version":[{"id":1213,"href":"https:\/\/flyfishing-stats.pl\/index.php\/wp-json\/wp\/v2\/pages\/70\/revisions\/1213"}],"wp:featuredmedia":[{"embeddable":true,"href":"https:\/\/flyfishing-stats.pl\/index.php\/wp-json\/wp\/v2\/media\/93"}],"wp:attachment":[{"href":"https:\/\/flyfishing-stats.pl\/index.php\/wp-json\/wp\/v2\/media?parent=70"}],"curies":[{"name":"wp","href":"https:\/\/api.w.org\/{rel}","templated":true}]}}